{"id":1066,"date":"2024-03-11T09:46:15","date_gmt":"2024-03-11T13:46:15","guid":{"rendered":"https:\/\/fibro.ca\/new-hybrid\/"},"modified":"2024-03-11T09:48:28","modified_gmt":"2024-03-11T13:48:28","slug":"new-hybrid","status":"publish","type":"page","link":"https:\/\/fibro.ca\/en\/new-hybrid\/","title":{"rendered":"New: hybrid"},"content":{"rendered":"<h2>Profitez du confort d\u2019une piscine \u00e9nerg\u00e9tique plus chaude que toute autre piscine.<\/h2>\n<p>Une piscine facile d\u2019entretien, ce qui veut dire plus de temps libre !\u00a0Nos piscines Fibro vous permettront d\u2019\u00e9pargner jusqu\u2019\u00e0 90% du temps que vous consacreriez habituellement \u00e0 nettoyer une piscine conventionnelle de b\u00e9ton. Les parois lisses en fibre de verre de nos piscines r\u00e9duisent l\u2019accumulation de salet\u00e9s, d\u2019algues et d\u2019huile solaire, ce qui \u00e9limine le besoin de frottement et de traitement chimique on\u00e9reux. L\u2019installation de jets tourbillons permet d\u2019oxyg\u00e9ner l\u2019eau, r\u00e9duisant ainsi les d\u00e9penses d\u2019entretien chimique. Les bancs moul\u00e9s \u00e0 l\u2019int\u00e9rieur de chaque piscine permettent l\u2019installation de jets tourbillons. Relaxez pr\u00e8s des jets tourbillons tout en regardant les enfants s\u2019amuser. Pour plus de s\u00e9curit\u00e9, nous avons int\u00e9gr\u00e9 des marches de sortie autour de la piscine.<\/p>\n<h2>Nos mod\u00e8les<\/h2>\n<h1><a href=\"\/promotions\">Commandez gratuitement la brochure.<\/a><\/h1>\n<p>\t\t\t<a href=\"\/brochure\" role=\"button\"><br \/>\n\t\t\t\t\t\tCommander<br \/>\n\t\t\t\t\t<\/a><br \/>\n\t\t\t\t\t\t\t\t\t\t<img fetchpriority=\"high\" decoding=\"async\" width=\"1920\" height=\"555\" src=\"https:\/\/fibro.ca\/wp-content\/uploads\/2024\/03\/Fibro_trio_7nov16_v2D.jpg\" alt=\"\" srcset=\"https:\/\/fibro.ca\/wp-content\/uploads\/2024\/03\/Fibro_trio_7nov16_v2D.jpg 1920w, https:\/\/fibro.ca\/wp-content\/uploads\/2024\/03\/Fibro_trio_7nov16_v2D-300x87.jpg 300w, https:\/\/fibro.ca\/wp-content\/uploads\/2024\/03\/Fibro_trio_7nov16_v2D-768x222.jpg 768w, https:\/\/fibro.ca\/wp-content\/uploads\/2024\/03\/Fibro_trio_7nov16_v2D-1024x296.jpg 1024w\" sizes=\"(max-width: 1920px) 100vw, 1920px\" \/><\/p>\n","protected":false},"excerpt":{"rendered":"<p>Profitez du confort d\u2019une piscine \u00e9nerg\u00e9tique plus chaude que toute autre piscine. Une piscine facile d\u2019entretien, ce qui veut dire plus de temps libre !\u00a0Nos piscines Fibro vous permettront d\u2019\u00e9pargner jusqu\u2019\u00e0 90% du temps que vous consacreriez habituellement \u00e0 nettoyer une piscine conventionnelle de b\u00e9ton. Les parois lisses en fibre de verre de nos piscines [&hellip;]<\/p>\n","protected":false},"author":1,"featured_media":1199,"parent":0,"menu_order":0,"comment_status":"closed","ping_status":"open","template":"","meta":{"_acf_changed":false,"footnotes":""},"acf":[],"_links":{"self":[{"href":"https:\/\/fibro.ca\/en\/wp-json\/wp\/v2\/pages\/1066"}],"collection":[{"href":"https:\/\/fibro.ca\/en\/wp-json\/wp\/v2\/pages"}],"about":[{"href":"https:\/\/fibro.ca\/en\/wp-json\/wp\/v2\/types\/page"}],"author":[{"embeddable":true,"href":"https:\/\/fibro.ca\/en\/wp-json\/wp\/v2\/users\/1"}],"replies":[{"embeddable":true,"href":"https:\/\/fibro.ca\/en\/wp-json\/wp\/v2\/comments?post=1066"}],"version-history":[{"count":2,"href":"https:\/\/fibro.ca\/en\/wp-json\/wp\/v2\/pages\/1066\/revisions"}],"predecessor-version":[{"id":1319,"href":"https:\/\/fibro.ca\/en\/wp-json\/wp\/v2\/pages\/1066\/revisions\/1319"}],"wp:featuredmedia":[{"embeddable":true,"href":"https:\/\/fibro.ca\/en\/wp-json\/wp\/v2\/media\/1199"}],"wp:attachment":[{"href":"https:\/\/fibro.ca\/en\/wp-json\/wp\/v2\/media?parent=1066"}],"curies":[{"name":"wp","href":"https:\/\/api.w.org\/{rel}","templated":true}]}}