{"id":1079,"date":"2024-03-11T09:46:15","date_gmt":"2024-03-11T13:46:15","guid":{"rendered":"https:\/\/fibro.ca\/a-contest-for-you\/"},"modified":"2024-03-11T09:48:43","modified_gmt":"2024-03-11T13:48:43","slug":"a-contest-for-you","status":"publish","type":"page","link":"https:\/\/fibro.ca\/en\/a-contest-for-you\/","title":{"rendered":"A contest for you"},"content":{"rendered":"<h2>Show us your layout!<\/h2>\n<p>\t\tYou are done with your backyard layout and are enjoying your Fibro pool?<strong>Share a photo of your layout for a chance to win<\/strong><strong>$1000<\/strong><strong>in cash!<\/strong>Fill out the form below and you could win one of our prizes!<br \/>\nMake sure your browser is up to date and that any pop-up blocker software is disabled (Adblock).\t\t<\/p>\n<p>If you have any problems with the form, you can contact us at concours@fibro.ca\u00a0<\/p>\n<p>\t\t\t<a href=\"https:\/\/fibro.ca\/en\/contest\/official-terms-and-conditions\/\" role=\"button\"><br \/>\n\t\t\t\t\t\tSee Official Contest Rules for full details.<br \/>\n\t\t\t\t\t<\/a><\/p>\n<h2>Contest is over.<br \/>\nThank you for your participation!<\/h2>\n<p>\t\t<strong>C&#8217;est avec grand plaisir que vous nous annon\u00e7ons les gagnants:<\/strong><\/p>\n<ol>\n<li>Gagnante du prix de 1 000 $:\u00a0<strong>Mme\u00a0Nathalie\u00a0Lagac\u00e9\u00a0<\/strong>de Repentigny.<br \/>\n<hr \/>\n<\/li>\n<li>Gagnant d&#8217;une fermeture saison 2021 et d&#8217;une ouverture saison 2022:\u00a0<strong>Matthew Riccio<\/strong>\u00a0de Mascouche.<br \/>\n<hr \/>\n<\/li>\n<li>Gagnant d&#8217;une fermeture saison 2021:\u00a0<strong>Philippe Gauthier<\/strong>\u00a0de Montr\u00e9al.<br \/>\n<hr \/>\n<\/li>\n<\/ol>\n<p><strong>F\u00e9licitations!!!<\/strong><br \/>\u00a0<\/p>\n<p><strong>Merci \u00e0 tous les participants.<\/strong><strong>Nous avons ador\u00e9s regarder vos am\u00e9nagements et appr\u00e9cier votre cr\u00e9ativit\u00e9.<br \/>Profiter bien des belles semaines \u00e0 venir et de votre Fibro!<br \/>Au plaisir,<br \/>L&#8217;\u00e9quipe de Piscine Fibro<\/strong>\t\t<\/p>\n<h2>Newsletter registration<\/h2>\n<p>Receive information and exclusive offers.<\/p>\n","protected":false},"excerpt":{"rendered":"<p>Show us your layout! You are done with your backyard layout and are enjoying your Fibro pool?Share a photo of your layout for a chance to win$1000in cash!Fill out the form below and you could win one of our prizes! Make sure your browser is up to date and that any pop-up blocker software is [&hellip;]<\/p>\n","protected":false},"author":1,"featured_media":0,"parent":0,"menu_order":0,"comment_status":"closed","ping_status":"open","template":"","meta":{"_acf_changed":false,"footnotes":""},"acf":[],"_links":{"self":[{"href":"https:\/\/fibro.ca\/en\/wp-json\/wp\/v2\/pages\/1079"}],"collection":[{"href":"https:\/\/fibro.ca\/en\/wp-json\/wp\/v2\/pages"}],"about":[{"href":"https:\/\/fibro.ca\/en\/wp-json\/wp\/v2\/types\/page"}],"author":[{"embeddable":true,"href":"https:\/\/fibro.ca\/en\/wp-json\/wp\/v2\/users\/1"}],"replies":[{"embeddable":true,"href":"https:\/\/fibro.ca\/en\/wp-json\/wp\/v2\/comments?post=1079"}],"version-history":[{"count":1,"href":"https:\/\/fibro.ca\/en\/wp-json\/wp\/v2\/pages\/1079\/revisions"}],"predecessor-version":[{"id":1335,"href":"https:\/\/fibro.ca\/en\/wp-json\/wp\/v2\/pages\/1079\/revisions\/1335"}],"wp:attachment":[{"href":"https:\/\/fibro.ca\/en\/wp-json\/wp\/v2\/media?parent=1079"}],"curies":[{"name":"wp","href":"https:\/\/api.w.org\/{rel}","templated":true}]}}