{"id":1080,"date":"2024-03-11T09:46:15","date_gmt":"2024-03-11T13:46:15","guid":{"rendered":"https:\/\/fibro.ca\/official-terms-and-conditions\/"},"modified":"2024-03-11T09:48:43","modified_gmt":"2024-03-11T13:48:43","slug":"official-terms-and-conditions","status":"publish","type":"page","link":"https:\/\/fibro.ca\/en\/official-terms-and-conditions\/","title":{"rendered":"Official terms and conditions"},"content":{"rendered":"<h2>Season 2021<\/h2>\n<h2>CONCOURS: Montrez-nous votre am\u00e9nagement!<\/h2>\n<ol>\n<li style=\"list-style-type: none;\">\n<ol>\n<li style=\"list-style-type: none;\">\n<ol>\n<li>Admissibilit\u00e9 :\n<ul>\n<li>Les participants au concours doivent r\u00e9sider au Qu\u00e9bec et avoir atteint l&#8217;\u00e2ge de la majorit\u00e9 en date de leur participation au concours. Ne sont pas \u00e9ligibles \u00e0 ce concours : les employ\u00e9s et membres de la famille proche d\u2019un employ\u00e9 ou personne vivant sous le m\u00eame toit qu\u2019un employ\u00e9 de Piscine Fibro.<\/li>\n<li>Les participants doivent \u00eatre propri\u00e9taires d\u2019une piscine Fibro.<\/li>\n<li>Les photos remises doivent repr\u00e9senter une piscine Fibro et mettre en \u00e9vidence la piscine et son am\u00e9nagement. Tous formulaires de piscine autre que Fibro seront rejet\u00e9s.<\/li>\n<li>L\u2019am\u00e9nagement doit \u00eatre termin\u00e9.<\/li>\n<li>Le participant doit fournir le nom de la compagnie de trottoir ayant effectu\u00e9 les travaux d\u2019am\u00e9nagements.<\/li>\n<\/ul>\n<\/li>\n<\/ol>\n<\/li>\n<\/ol>\n<ol>\n<li style=\"list-style-type: none;\">\n<ol>\n<li>Comment participer:\n<ul>\n<li>Les personnes qui d\u00e9sirent participer au concours doivent compl\u00e9ter et soumettre le formulaire de participation disponible en ligne au https:\/\/fibro.ca\/concours .<\/li>\n<li>Limite d\u2019un (1) formulaire de participation par adresse civique.<\/li>\n<\/ul>\n<\/li>\n<li>Description des prix :\n<\/p>\n<ul>\n<li>Un prix de 1 000$ en argent comptant.<\/li>\n<li>Un prix incluant un service de fermeture d\u2019une piscine Fibro pour la saison 2021 et un service d\u2019ouverture d\u2019une piscine Fibro pour la saison 2022, valide pour la piscine indiqu\u00e9e sur le formulaire de participation.<\/li>\n<li>Un prix incluant : un service de fermeture d\u2019une piscine Fibro pour la saison 2021, valide pour la piscine indiqu\u00e9e sur le formulaire de participation.<\/li>\n<\/ul>\n<\/li>\n<\/ol>\n<\/li>\n<\/ol>\n<ol>\n<li style=\"list-style-type: none;\">\n<ol>\n<li>\n<p>Distribution des prix<\/p>\n<\/li>\n<\/ol>\n<\/li>\n<\/ol>\n<p>Les noms des gagnants seront s\u00e9lectionn\u00e9s parmi tous les formulaires \u00e9lectroniques re\u00e7ues \u00e0 la date limite du concours. Les chances de gagner d\u00e9pendent du nombre de participations \u00e9ligibles re\u00e7ues \u00e0 la date limite du concours.<\/p>\n<p>Les gagnants seront contact\u00e9s en priv\u00e9 et auront un d\u00e9lai de 5 jours pour r\u00e9clamer leur prix. Si le gagnant ne peut \u00eatre contact\u00e9 ou que le prix n\u2019a pas \u00e9t\u00e9 r\u00e9clam\u00e9 apr\u00e8s cette p\u00e9riode, un nouveau gagnant sera s\u00e9lectionn\u00e9.<\/p>\n<p>Les noms des gagnant seront publi\u00e9s sur le site internet de Piscine Fibro, sous le format suivant : Pr\u00e9nom, Nom et Municipalit\u00e9. Toutes autres informations re\u00e7ues, incluant les photos, demeureront priv\u00e9es.<\/p>\n<p>Par sa participation au concours, toute personne gagnante autorise Piscine Fibro \u00e0 la contacter au besoin.<\/p>\n<ol>\n<li style=\"list-style-type: none;\">\n<ol>\n<li>\n<p>Date de commencement et de fin du concours.<\/p>\n<\/li>\n<\/ol>\n<\/li>\n<\/ol>\n<p>Date d\u2019entr\u00e9e en vigueur : le concours d\u00e9butera le&nbsp;lundi 5 juillet 2021 minuit.<br \/>Date limite pour participer au concours&nbsp;: vendredi 23 juillet 2021 \u00e0 23h59.<br \/>La s\u00e9lection des gagnants se fera chez Piscine Fibro, au 1456 rue de Jaffa le 26 juillet 2021.<\/p>\n<ol>\n<li style=\"list-style-type: none;\">\n<ol>\n<li>\n<p>R\u00e8gles g\u00e9n\u00e9rales<\/p>\n<\/li>\n<\/ol>\n<\/li>\n<\/ol>\n<p><em>En participant au pr\u00e9sent concours, toute personne gagnante s\u2019engage \u00e0 se conformer \u00e0 toutes et chacune des conditions \u00e9nonc\u00e9es au pr\u00e9sent r\u00e8glement en plus de d\u00e9gager, lib\u00e9rer et exon\u00e9rer Piscine Fibro, de m\u00eame que leurs employ\u00e9s \u00e0 l\u2019\u00e9gard de toutes r\u00e9clamations, actions ou causes d\u2019action, responsabilit\u00e9s, pertes, dommages, co\u00fbts et d\u00e9penses de quelques nature que ce soit, en relation ou d\u00e9coulant directement ou indirectement de la participation au pr\u00e9sent concours ou de l\u2019utilisation du prix indiqu\u00e9.<\/em><\/p>\n<p><em>Piscine Fibro se r\u00e9serve le droit, \u00e0 sa seule discr\u00e9tion, d\u2019annuler, de terminer, de modifier ou de suspendre le concours, ou toute partie de celui-ci en n\u2019importe quel temps, pour quelque raison que ce soit et sans pr\u00e9avis, toute d\u00e9cision \u00e9tant soumise \u00e0 l\u2019approbation de la R\u00e9gie des alcools, des courses et des jeux.<\/em><br \/><em>Le r\u00e8glement du concours est disponible en ligne sur&nbsp;<a target=\"\u201d_blank\u201d\" rel=\"noopener\">fibro.ca.<\/a><\/em><\/p>\n<p><em>Le pr\u00e9sent concours est soumis \u00e0 toutes les lois applicables. Un diff\u00e9rend quant \u00e0 l\u2019organisation ou \u00e0 la conduite d\u2019un concours publicitaire peut \u00eatre soumis \u00e0 la R\u00e9gie des alcools, des courses et des jeux afin qu\u2019il soit tranch\u00e9. Un diff\u00e9rend quant \u00e0 l\u2019attribution d\u2019un prix peut \u00eatre soumis \u00e0 la R\u00e9gie uniquement aux fins d\u2019une intervention pour tenter de le r\u00e9gler.<\/em><\/p>\n<\/p>\n<p><em>Le pr\u00e9sent concours est tenu et organis\u00e9 uniquement par et au b\u00e9n\u00e9fice de Piscine Fibro.<\/em><\/p>\n<\/li>\n<\/ol>\n<h2>Inscription \u00e0 l\u2019infolettre<\/h2>\n<p>\t\tRecevez de l\u2019information et des offres privli\u00e9gi\u00e9es.<\/p>\n","protected":false},"excerpt":{"rendered":"<p>Season 2021 CONCOURS: Montrez-nous votre am\u00e9nagement! Admissibilit\u00e9 : Les participants au concours doivent r\u00e9sider au Qu\u00e9bec et avoir atteint l&#8217;\u00e2ge de la majorit\u00e9 en date de leur participation au concours. Ne sont pas \u00e9ligibles \u00e0 ce concours : les employ\u00e9s et membres de la famille proche d\u2019un employ\u00e9 ou personne vivant sous le m\u00eame toit [&hellip;]<\/p>\n","protected":false},"author":1,"featured_media":0,"parent":0,"menu_order":0,"comment_status":"closed","ping_status":"closed","template":"","meta":{"_acf_changed":false,"footnotes":""},"acf":[],"_links":{"self":[{"href":"https:\/\/fibro.ca\/en\/wp-json\/wp\/v2\/pages\/1080"}],"collection":[{"href":"https:\/\/fibro.ca\/en\/wp-json\/wp\/v2\/pages"}],"about":[{"href":"https:\/\/fibro.ca\/en\/wp-json\/wp\/v2\/types\/page"}],"author":[{"embeddable":true,"href":"https:\/\/fibro.ca\/en\/wp-json\/wp\/v2\/users\/1"}],"replies":[{"embeddable":true,"href":"https:\/\/fibro.ca\/en\/wp-json\/wp\/v2\/comments?post=1080"}],"version-history":[{"count":1,"href":"https:\/\/fibro.ca\/en\/wp-json\/wp\/v2\/pages\/1080\/revisions"}],"predecessor-version":[{"id":1336,"href":"https:\/\/fibro.ca\/en\/wp-json\/wp\/v2\/pages\/1080\/revisions\/1336"}],"wp:attachment":[{"href":"https:\/\/fibro.ca\/en\/wp-json\/wp\/v2\/media?parent=1080"}],"curies":[{"name":"wp","href":"https:\/\/api.w.org\/{rel}","templated":true}]}}