{"id":6087,"date":"2024-03-11T09:44:35","date_gmt":"2024-03-11T13:44:35","guid":{"rendered":"https:\/\/fibro.ca\/promotions\/"},"modified":"2024-05-30T15:42:50","modified_gmt":"2024-05-30T19:42:50","slug":"promotions","status":"publish","type":"page","link":"https:\/\/fibro.ca\/en\/promotions\/","title":{"rendered":"Promotions"},"content":{"rendered":"\t\t<div data-elementor-type=\"wp-page\" data-elementor-id=\"6087\" class=\"elementor elementor-6087 elementor-957\" data-elementor-post-type=\"page\">\n\t\t\t\t<div class=\"elementor-element elementor-element-ec04a95 e-con-full e-flex e-con e-parent\" data-id=\"ec04a95\" data-element_type=\"container\" data-settings=\"{&quot;animation&quot;:&quot;none&quot;,&quot;background_background&quot;:&quot;classic&quot;}\" data-core-v316-plus=\"true\">\n\t\t\t\t<div class=\"elementor-element elementor-element-7d5517b elementor-widget elementor-widget-spacer\" data-id=\"7d5517b\" data-element_type=\"widget\" data-widget_type=\"spacer.default\">\n\t\t\t\t<div class=\"elementor-widget-container\">\n\t\t\t<style>\/*! elementor - v3.20.0 - 11-03-2024 *\/\n.elementor-column .elementor-spacer-inner{height:var(--spacer-size)}.e-con{--container-widget-width:100%}.e-con-inner>.elementor-widget-spacer,.e-con>.elementor-widget-spacer{width:var(--container-widget-width,var(--spacer-size));--align-self:var(--container-widget-align-self,initial);--flex-shrink:0}.e-con-inner>.elementor-widget-spacer>.elementor-widget-container,.e-con>.elementor-widget-spacer>.elementor-widget-container{height:100%;width:100%}.e-con-inner>.elementor-widget-spacer>.elementor-widget-container>.elementor-spacer,.e-con>.elementor-widget-spacer>.elementor-widget-container>.elementor-spacer{height:100%}.e-con-inner>.elementor-widget-spacer>.elementor-widget-container>.elementor-spacer>.elementor-spacer-inner,.e-con>.elementor-widget-spacer>.elementor-widget-container>.elementor-spacer>.elementor-spacer-inner{height:var(--container-widget-height,var(--spacer-size))}.e-con-inner>.elementor-widget-spacer.elementor-widget-empty,.e-con>.elementor-widget-spacer.elementor-widget-empty{position:relative;min-height:22px;min-width:22px}.e-con-inner>.elementor-widget-spacer.elementor-widget-empty .elementor-widget-empty-icon,.e-con>.elementor-widget-spacer.elementor-widget-empty .elementor-widget-empty-icon{position:absolute;top:0;bottom:0;left:0;right:0;margin:auto;padding:0;width:22px;height:22px}<\/style>\t\t<div class=\"elementor-spacer\">\n\t\t\t<div class=\"elementor-spacer-inner\"><\/div>\n\t\t<\/div>\n\t\t\t\t<\/div>\n\t\t\t\t<\/div>\n\t\t\t\t<div class=\"elementor-element elementor-element-d06f94a elementor-widget elementor-widget-text-editor\" data-id=\"d06f94a\" data-element_type=\"widget\" data-widget_type=\"text-editor.default\">\n\t\t\t\t<div class=\"elementor-widget-container\">\n\t\t\t<style>\/*! elementor - v3.20.0 - 11-03-2024 *\/\n.elementor-widget-text-editor.elementor-drop-cap-view-stacked .elementor-drop-cap{background-color:#69727d;color:#fff}.elementor-widget-text-editor.elementor-drop-cap-view-framed .elementor-drop-cap{color:#69727d;border:3px solid;background-color:transparent}.elementor-widget-text-editor:not(.elementor-drop-cap-view-default) .elementor-drop-cap{margin-top:8px}.elementor-widget-text-editor:not(.elementor-drop-cap-view-default) .elementor-drop-cap-letter{width:1em;height:1em}.elementor-widget-text-editor .elementor-drop-cap{float:left;text-align:center;line-height:1;font-size:50px}.elementor-widget-text-editor .elementor-drop-cap-letter{display:inline-block}<\/style>\t\t\t\t<p>400 pools AVAILABLE<\/p>\t\t\t\t\t\t<\/div>\n\t\t\t\t<\/div>\n\t\t\t\t<div class=\"elementor-element elementor-element-bb323cd elementor-widget elementor-widget-heading\" data-id=\"bb323cd\" data-element_type=\"widget\" data-widget_type=\"heading.default\">\n\t\t\t\t<div class=\"elementor-widget-container\">\n\t\t\t<style>\/*! elementor - v3.20.0 - 11-03-2024 *\/\n.elementor-heading-title{padding:0;margin:0;line-height:1}.elementor-widget-heading .elementor-heading-title[class*=elementor-size-]>a{color:inherit;font-size:inherit;line-height:inherit}.elementor-widget-heading .elementor-heading-title.elementor-size-small{font-size:15px}.elementor-widget-heading .elementor-heading-title.elementor-size-medium{font-size:19px}.elementor-widget-heading .elementor-heading-title.elementor-size-large{font-size:29px}.elementor-widget-heading .elementor-heading-title.elementor-size-xl{font-size:39px}.elementor-widget-heading .elementor-heading-title.elementor-size-xxl{font-size:59px}<\/style><h2 class=\"elementor-heading-title elementor-size-default\">DROP BY OUR LAVAL SHOWROOM<\/h2>\t\t<\/div>\n\t\t\t\t<\/div>\n\t\t\t\t<div class=\"elementor-element elementor-element-512e6ac elementor-widget elementor-widget-button\" data-id=\"512e6ac\" data-element_type=\"widget\" data-widget_type=\"button.default\">\n\t\t\t\t<div class=\"elementor-widget-container\">\n\t\t\t\t\t<div class=\"elementor-button-wrapper\">\n\t\t\t<a class=\"elementor-button elementor-button-link elementor-size-sm\" href=\"https:\/\/fibro.ca\/en\/contact-showroom\/\">\n\t\t\t\t\t\t<span class=\"elementor-button-content-wrapper\">\n\t\t\t\t\t\t<span class=\"elementor-button-text\">Visit us today!<\/span>\n\t\t<\/span>\n\t\t\t\t\t<\/a>\n\t\t<\/div>\n\t\t\t\t<\/div>\n\t\t\t\t<\/div>\n\t\t\t\t<\/div>\n\t\t<div class=\"elementor-element elementor-element-a473478 elementor-hidden-desktop elementor-hidden-tablet elementor-hidden-mobile e-flex e-con-boxed e-con e-parent\" data-id=\"a473478\" data-element_type=\"container\" data-core-v316-plus=\"true\">\n\t\t\t\t\t<div class=\"e-con-inner\">\n\t\t\t\t<div class=\"elementor-element elementor-element-5783129 elementor-widget elementor-widget-text-editor\" data-id=\"5783129\" data-element_type=\"widget\" data-widget_type=\"text-editor.default\">\n\t\t\t\t<div class=\"elementor-widget-container\">\n\t\t\t\t\t\t\t<img fetchpriority=\"high\" decoding=\"async\" width=\"1920\" height=\"400\" src=\"https:\/\/fibro.ca\/wp-content\/uploads\/2024\/03\/FIB_Banint_Facade_1920x400_v10.jpg\" alt=\"\" srcset=\"https:\/\/fibro.ca\/wp-content\/uploads\/2024\/03\/FIB_Banint_Facade_1920x400_v10.jpg 1920w, https:\/\/fibro.ca\/wp-content\/uploads\/2024\/03\/FIB_Banint_Facade_1920x400_v10-300x63.jpg 300w, https:\/\/fibro.ca\/wp-content\/uploads\/2024\/03\/FIB_Banint_Facade_1920x400_v10-768x160.jpg 768w, https:\/\/fibro.ca\/wp-content\/uploads\/2024\/03\/FIB_Banint_Facade_1920x400_v10-1024x213.jpg 1024w\" sizes=\"(max-width: 1920px) 100vw, 1920px\" \/>\t\t\t\t\t\t\t\t\t\t\t\n\t\t\t\t\t\t\t\t\t\t<img decoding=\"async\" width=\"768\" height=\"555\" src=\"https:\/\/fibro.ca\/wp-content\/uploads\/2024\/03\/mockup-chequecadeau-sept2019-768x555-1.png\" alt=\"\" srcset=\"https:\/\/fibro.ca\/wp-content\/uploads\/2024\/03\/mockup-chequecadeau-sept2019-768x555-1.png 768w, https:\/\/fibro.ca\/wp-content\/uploads\/2024\/03\/mockup-chequecadeau-sept2019-768x555-300x217-1.png 300w\" sizes=\"(max-width: 768px) 100vw, 768px\" \/>\t\t\t\t\t\t\t\t\t\t\t\n\t\t\t<h2>T\u00e9l\u00e9chargez votre certificat-cadeau d\u2019une valeur de 1&nbsp;200&nbsp;$*<\/h2>\t\t\n\t\t<p><b style=\"font-style: inherit;\">POUR UN TEMPS LIMIT\u00c9<\/b><\/p><p>Il n\u2019y a pas de meilleur temps pour acheter une piscine!\u00a0 Installation t\u00f4t ce printemps garantie.\u00a0<\/p><p><i style=\"font-weight: inherit;\">Installation printemps 2020.<\/i><\/p>\t\t\n\t\t\t<a role=\"button\">\n\t\t\t\t\t\tT\u00e9l\u00e9chargement maintenant!\n\t\t\t\t\t<\/a>\n\t\t*Cette offre ne peut \u00eatre jumel\u00e9e \u00e0 aucune autre promotion.\t\t\n\t\t\t\t\t\t\t\t\t\t<img decoding=\"async\" width=\"707\" height=\"479\" src=\"https:\/\/fibro.ca\/wp-content\/uploads\/2024\/03\/Fibro_IpadBrochure.png\" alt=\"\" srcset=\"https:\/\/fibro.ca\/wp-content\/uploads\/2024\/03\/Fibro_IpadBrochure.png 707w, https:\/\/fibro.ca\/wp-content\/uploads\/2024\/03\/Fibro_IpadBrochure-300x203.png 300w\" sizes=\"(max-width: 707px) 100vw, 707px\" \/>\t\t\t\t\t\t\t\t\t\t\t\n\t\t\t<h2>Commandez la brochure Fibro<\/h2>\t\t\n\t\tRecevez-la \u00e0 la maison et d\u00e9couvrez le grand choix de piscines\u00a0Fibro.\t\t\n\t\t\t<a href=\"\/brochure\" role=\"button\">\n\t\t\t\t\t\tJe veux mon catalogue!\n\t\t\t\t\t<\/a>\n\t\t<p>\u200b*Cette offre ne peut \u00eatre jumel\u00e9e \u00e0 aucune autre promotion.<\/p>\t\t\n\t\t\t<h2>Inscription \u00e0 l\u2019infolettre<\/h2>\t\t\n\t\tRecevez de l\u2019information et des offres privli\u00e9gi\u00e9es.\t\t\t\t\t\t<\/div>\n\t\t\t\t<\/div>\n\t\t\t\t\t<\/div>\n\t\t\t\t<\/div>\n\t\t\t\t<\/div>\n\t\t","protected":false},"excerpt":{"rendered":"<p>400 pools AVAILABLE DROP BY OUR LAVAL SHOWROOM Visit us today! T\u00e9l\u00e9chargez votre certificat-cadeau d\u2019une valeur de 1&nbsp;200&nbsp;$* POUR UN TEMPS LIMIT\u00c9 Il n\u2019y a pas de meilleur temps pour acheter une piscine!\u00a0 Installation t\u00f4t ce printemps garantie.\u00a0 Installation printemps 2020. T\u00e9l\u00e9chargement maintenant! *Cette offre ne peut \u00eatre jumel\u00e9e \u00e0 aucune autre promotion. Commandez la [&hellip;]<\/p>\n","protected":false},"author":1,"featured_media":1209,"parent":0,"menu_order":0,"comment_status":"closed","ping_status":"open","template":"","meta":{"_acf_changed":false,"footnotes":""},"acf":[],"_links":{"self":[{"href":"https:\/\/fibro.ca\/en\/wp-json\/wp\/v2\/pages\/6087"}],"collection":[{"href":"https:\/\/fibro.ca\/en\/wp-json\/wp\/v2\/pages"}],"about":[{"href":"https:\/\/fibro.ca\/en\/wp-json\/wp\/v2\/types\/page"}],"author":[{"embeddable":true,"href":"https:\/\/fibro.ca\/en\/wp-json\/wp\/v2\/users\/1"}],"replies":[{"embeddable":true,"href":"https:\/\/fibro.ca\/en\/wp-json\/wp\/v2\/comments?post=6087"}],"version-history":[{"count":7,"href":"https:\/\/fibro.ca\/en\/wp-json\/wp\/v2\/pages\/6087\/revisions"}],"predecessor-version":[{"id":7556,"href":"https:\/\/fibro.ca\/en\/wp-json\/wp\/v2\/pages\/6087\/revisions\/7556"}],"wp:featuredmedia":[{"embeddable":true,"href":"https:\/\/fibro.ca\/en\/wp-json\/wp\/v2\/media\/1209"}],"wp:attachment":[{"href":"https:\/\/fibro.ca\/en\/wp-json\/wp\/v2\/media?parent=6087"}],"curies":[{"name":"wp","href":"https:\/\/api.w.org\/{rel}","templated":true}]}}