{"id":7744,"date":"2024-03-11T09:46:15","date_gmt":"2024-03-11T13:46:15","guid":{"rendered":"https:\/\/fibro.ca\/financement\/"},"modified":"2024-07-18T11:24:33","modified_gmt":"2024-07-18T15:24:33","slug":"financing","status":"publish","type":"page","link":"https:\/\/fibro.ca\/en\/financing\/","title":{"rendered":"Financing"},"content":{"rendered":"\t\t<div data-elementor-type=\"wp-page\" data-elementor-id=\"7744\" class=\"elementor elementor-7744 elementor-982\" data-elementor-post-type=\"page\">\n\t\t\t\t<div class=\"elementor-element elementor-element-60939a0 e-con-full e-flex e-con e-parent\" data-id=\"60939a0\" data-element_type=\"container\" data-settings=\"{&quot;background_background&quot;:&quot;classic&quot;}\" data-core-v316-plus=\"true\">\n\t\t\t\t<div class=\"elementor-element elementor-element-0be112f elementor-widget elementor-widget-text-editor\" data-id=\"0be112f\" data-element_type=\"widget\" data-widget_type=\"text-editor.default\">\n\t\t\t\t<div class=\"elementor-widget-container\">\n\t\t\t<style>\/*! elementor - v3.20.0 - 11-03-2024 *\/\n.elementor-widget-text-editor.elementor-drop-cap-view-stacked .elementor-drop-cap{background-color:#69727d;color:#fff}.elementor-widget-text-editor.elementor-drop-cap-view-framed .elementor-drop-cap{color:#69727d;border:3px solid;background-color:transparent}.elementor-widget-text-editor:not(.elementor-drop-cap-view-default) .elementor-drop-cap{margin-top:8px}.elementor-widget-text-editor:not(.elementor-drop-cap-view-default) .elementor-drop-cap-letter{width:1em;height:1em}.elementor-widget-text-editor .elementor-drop-cap{float:left;text-align:center;line-height:1;font-size:50px}.elementor-widget-text-editor .elementor-drop-cap-letter{display:inline-block}<\/style>\t\t\t\t<p>The solution for bringing your project to life<\/p>\t\t\t\t\t\t<\/div>\n\t\t\t\t<\/div>\n\t\t\t\t<div class=\"elementor-element elementor-element-db67a9a elementor-widget elementor-widget-heading\" data-id=\"db67a9a\" data-element_type=\"widget\" data-widget_type=\"heading.default\">\n\t\t\t\t<div class=\"elementor-widget-container\">\n\t\t\t<style>\/*! elementor - v3.20.0 - 11-03-2024 *\/\n.elementor-heading-title{padding:0;margin:0;line-height:1}.elementor-widget-heading .elementor-heading-title[class*=elementor-size-]>a{color:inherit;font-size:inherit;line-height:inherit}.elementor-widget-heading .elementor-heading-title.elementor-size-small{font-size:15px}.elementor-widget-heading .elementor-heading-title.elementor-size-medium{font-size:19px}.elementor-widget-heading .elementor-heading-title.elementor-size-large{font-size:29px}.elementor-widget-heading .elementor-heading-title.elementor-size-xl{font-size:39px}.elementor-widget-heading .elementor-heading-title.elementor-size-xxl{font-size:59px}<\/style><h2 class=\"elementor-heading-title elementor-size-default\">FINANCING<\/h2>\t\t<\/div>\n\t\t\t\t<\/div>\n\t\t\t\t<\/div>\n\t\t<div class=\"elementor-element elementor-element-6cca0d8 e-flex e-con-boxed e-con e-parent\" data-id=\"6cca0d8\" data-element_type=\"container\" data-core-v316-plus=\"true\">\n\t\t\t\t\t<div class=\"e-con-inner\">\n\t\t\t\t<div class=\"elementor-element elementor-element-34c5b58 elementor-widget-mobile__width-inherit elementor-widget__width-inherit elementor-view-default elementor-widget elementor-widget-icon\" data-id=\"34c5b58\" data-element_type=\"widget\" data-settings=\"{&quot;_animation&quot;:&quot;none&quot;}\" data-widget_type=\"icon.default\">\n\t\t\t\t<div class=\"elementor-widget-container\">\n\t\t\t\t\t<div class=\"elementor-icon-wrapper\">\n\t\t\t<div class=\"elementor-icon\">\n\t\t\t<svg aria-hidden=\"true\" class=\"e-font-icon-svg e-fas-angle-right\" viewBox=\"0 0 256 512\" xmlns=\"http:\/\/www.w3.org\/2000\/svg\"><path d=\"M224.3 273l-136 136c-9.4 9.4-24.6 9.4-33.9 0l-22.6-22.6c-9.4-9.4-9.4-24.6 0-33.9l96.4-96.4-96.4-96.4c-9.4-9.4-9.4-24.6 0-33.9L54.3 103c9.4-9.4 24.6-9.4 33.9 0l136 136c9.5 9.4 9.5 24.6.1 34z\"><\/path><\/svg>\t\t\t<\/div>\n\t\t<\/div>\n\t\t\t\t<\/div>\n\t\t\t\t<\/div>\n\t\t\t\t<div class=\"elementor-element elementor-element-40c16c6 elementor-widget elementor-widget-heading\" data-id=\"40c16c6\" data-element_type=\"widget\" data-widget_type=\"heading.default\">\n\t\t\t\t<div class=\"elementor-widget-container\">\n\t\t\t<h2 class=\"elementor-heading-title elementor-size-default\">How to finance the purchase <br>of a swimming pool?<\/h2>\t\t<\/div>\n\t\t\t\t<\/div>\n\t\t\t\t<div class=\"elementor-element elementor-element-24921e4 elementor-widget elementor-widget-text-editor\" data-id=\"24921e4\" data-element_type=\"widget\" data-widget_type=\"text-editor.default\">\n\t\t\t\t<div class=\"elementor-widget-container\">\n\t\t\t\t\t\t\t<p>Would you like to buy a pool or spa to enhance your summers? National Bank can make your life easier.<\/p><p>Open 15-year loan. Monthly or bi-monthly payments, as you prefer.<\/p><p>To find out the exact preferred rate for a pool or spa, contact a Fibro Canada representative.<\/p>\t\t\t\t\t\t<\/div>\n\t\t\t\t<\/div>\n\t\t\t\t<div class=\"elementor-element elementor-element-ef5dc01 elementor-align-center elementor-widget elementor-widget-button\" data-id=\"ef5dc01\" data-element_type=\"widget\" data-widget_type=\"button.default\">\n\t\t\t\t<div class=\"elementor-widget-container\">\n\t\t\t\t\t<div class=\"elementor-button-wrapper\">\n\t\t\t<a class=\"elementor-button elementor-button-link elementor-size-sm\" href=\"https:\/\/fibro.ca\/en\/contact-showroom\/#Contact-rapide-EN\">\n\t\t\t\t\t\t<span class=\"elementor-button-content-wrapper\">\n\t\t\t\t\t\t<span class=\"elementor-button-text\">Contact us<\/span>\n\t\t<\/span>\n\t\t\t\t\t<\/a>\n\t\t<\/div>\n\t\t\t\t<\/div>\n\t\t\t\t<\/div>\n\t\t\t\t\t<\/div>\n\t\t\t\t<\/div>\n\t\t<div class=\"elementor-element elementor-element-848c4f3 e-flex e-con-boxed e-con e-parent\" data-id=\"848c4f3\" data-element_type=\"container\" data-settings=\"{&quot;background_background&quot;:&quot;classic&quot;}\" data-core-v316-plus=\"true\">\n\t\t\t\t\t<div class=\"e-con-inner\">\n\t\t\t\t<div class=\"elementor-element elementor-element-6a5d404 elementor-widget elementor-widget-image\" data-id=\"6a5d404\" data-element_type=\"widget\" data-widget_type=\"image.default\">\n\t\t\t\t<div class=\"elementor-widget-container\">\n\t\t\t<style>\/*! elementor - v3.20.0 - 11-03-2024 *\/\n.elementor-widget-image{text-align:center}.elementor-widget-image a{display:inline-block}.elementor-widget-image a img[src$=\".svg\"]{width:48px}.elementor-widget-image img{vertical-align:middle;display:inline-block}<\/style>\t\t\t\t\t\t\t\t\t\t<img decoding=\"async\" width=\"300\" height=\"101\" src=\"https:\/\/fibro.ca\/wp-content\/uploads\/2024\/03\/Fibro_BN_FR-300x101.png\" class=\"attachment-medium size-medium wp-image-983\" alt=\"\" srcset=\"https:\/\/fibro.ca\/wp-content\/uploads\/2024\/03\/Fibro_BN_FR-300x101.png 300w, https:\/\/fibro.ca\/wp-content\/uploads\/2024\/03\/Fibro_BN_FR-1024x345.png 1024w, https:\/\/fibro.ca\/wp-content\/uploads\/2024\/03\/Fibro_BN_FR-768x259.png 768w, https:\/\/fibro.ca\/wp-content\/uploads\/2024\/03\/Fibro_BN_FR-1536x517.png 1536w, https:\/\/fibro.ca\/wp-content\/uploads\/2024\/03\/Fibro_BN_FR-2048x690.png 2048w, https:\/\/fibro.ca\/wp-content\/uploads\/2024\/03\/Fibro_BN_FR-600x202.png 600w\" sizes=\"(max-width: 300px) 100vw, 300px\" \/>\t\t\t\t\t\t\t\t\t\t\t\t\t<\/div>\n\t\t\t\t<\/div>\n\t\t\t\t\t<\/div>\n\t\t\t\t<\/div>\n\t\t<div class=\"elementor-element elementor-element-55a984b6 elementor-hidden-desktop elementor-hidden-tablet elementor-hidden-mobile e-flex e-con-boxed e-con e-parent\" data-id=\"55a984b6\" data-element_type=\"container\" data-core-v316-plus=\"true\">\n\t\t\t\t\t<div class=\"e-con-inner\">\n\t\t\t\t<div class=\"elementor-element elementor-element-7ed3b133 elementor-widget elementor-widget-text-editor\" data-id=\"7ed3b133\" data-element_type=\"widget\" data-widget_type=\"text-editor.default\">\n\t\t\t\t<div class=\"elementor-widget-container\">\n\t\t\t\t\t\t\t<h2>La solution \u00e0 la r\u00e9alisation de votre projet.<\/h2>\t\t\n\t\t\t<h2>Comment financer l&#8217;achat d&#8217;une piscine<\/h2>\t\t\n\t\t<p>Vous voulez faire l\u2019achat d\u2019une piscine ou d\u2019un spa pour agr\u00e9menter vos \u00e9t\u00e9s.<\/p><p>\u00a0<\/p><p>La Banque Nationale peut vous faciliter la vie.<\/p><p>\u00a0<\/p><p>Pr\u00eat ouvert sur 15 ans. Versement mensuel ou bimensuel, selon votre pr\u00e9f\u00e9rence.<\/p><p>\u00a0<\/p><p>Pour conna\u00eetre le taux pr\u00e9f\u00e9rentiel exact pour une piscine ou un spa, communiquez avec un repr\u00e9sentant de Fibro Canada.<\/p>\t\t\n\t\t\t\t\t\t\t\t\t\t<img fetchpriority=\"high\" decoding=\"async\" width=\"1024\" height=\"345\" src=\"https:\/\/fibro.ca\/wp-content\/uploads\/2024\/03\/Fibro_BN_FR-1024x345.png\" alt=\"\" srcset=\"https:\/\/fibro.ca\/wp-content\/uploads\/2024\/03\/Fibro_BN_FR-1024x345.png 1024w, https:\/\/fibro.ca\/wp-content\/uploads\/2024\/03\/Fibro_BN_FR-300x101.png 300w, https:\/\/fibro.ca\/wp-content\/uploads\/2024\/03\/Fibro_BN_FR-768x259.png 768w\" sizes=\"(max-width: 1024px) 100vw, 1024px\" \/>\t\t\t\t\t\t<\/div>\n\t\t\t\t<\/div>\n\t\t\t\t\t<\/div>\n\t\t\t\t<\/div>\n\t\t\t\t<\/div>\n\t\t","protected":false},"excerpt":{"rendered":"<p>The solution for bringing your project to life FINANCING How to finance the purchase of a swimming pool? Would you like to buy a pool or spa to enhance your summers? National Bank can make your life easier. Open 15-year loan. Monthly or bi-monthly payments, as you prefer. To find out the exact preferred rate [&hellip;]<\/p>\n","protected":false},"author":1,"featured_media":984,"parent":0,"menu_order":0,"comment_status":"closed","ping_status":"open","template":"","meta":{"_acf_changed":false,"footnotes":""},"acf":[],"_links":{"self":[{"href":"https:\/\/fibro.ca\/en\/wp-json\/wp\/v2\/pages\/7744"}],"collection":[{"href":"https:\/\/fibro.ca\/en\/wp-json\/wp\/v2\/pages"}],"about":[{"href":"https:\/\/fibro.ca\/en\/wp-json\/wp\/v2\/types\/page"}],"author":[{"embeddable":true,"href":"https:\/\/fibro.ca\/en\/wp-json\/wp\/v2\/users\/1"}],"replies":[{"embeddable":true,"href":"https:\/\/fibro.ca\/en\/wp-json\/wp\/v2\/comments?post=7744"}],"version-history":[{"count":7,"href":"https:\/\/fibro.ca\/en\/wp-json\/wp\/v2\/pages\/7744\/revisions"}],"predecessor-version":[{"id":7793,"href":"https:\/\/fibro.ca\/en\/wp-json\/wp\/v2\/pages\/7744\/revisions\/7793"}],"wp:featuredmedia":[{"embeddable":true,"href":"https:\/\/fibro.ca\/en\/wp-json\/wp\/v2\/media\/984"}],"wp:attachment":[{"href":"https:\/\/fibro.ca\/en\/wp-json\/wp\/v2\/media?parent=7744"}],"curies":[{"name":"wp","href":"https:\/\/api.w.org\/{rel}","templated":true}]}}